{"id":9,"date":"2021-01-11T14:41:28","date_gmt":"2021-01-11T13:41:28","guid":{"rendered":"http:\/\/test.herzfeld-net.de\/?page_id=9"},"modified":"2023-05-09T10:32:43","modified_gmt":"2023-05-09T08:32:43","slug":"willkommen-in-herzfeld","status":"publish","type":"page","link":"http:\/\/herzfeld-net.de\/","title":{"rendered":"Startseite"},"content":{"rendered":"\n<div class=\"alignnormal\"><div id=\"metaslider-id-56\" style=\"width: 100%;\" class=\"ml-slider-3-108-0 metaslider metaslider-flex metaslider-56 ml-slider has-dots-nav ms-theme-default\" role=\"region\" aria-label=\"Winter\" data-height=\"300\" data-width=\"700\">\n    <div id=\"metaslider_container_56\">\n        <div id=\"metaslider_56\">\n            <ul class='slides'>\n                <li style=\"display: block; width: 100%;\" class=\"slide-57 ms-image \" aria-roledescription=\"slide\" data-date=\"2021-01-12 08:56:04\" data-filename=\"IMG_1611-scaled-700x300.jpg\" data-slide-type=\"image\"><img loading=\"lazy\" decoding=\"async\" src=\"http:\/\/herzfeld-net.de\/wp-content\/uploads\/2021\/01\/IMG_1611-scaled-700x300.jpg\" height=\"300\" width=\"700\" alt=\"Bild: Winterimpression\" class=\"slider-56 slide-57 msDefaultImage\" title=\"IMG_1611\" \/><\/li>\n            <\/ul>\n        <\/div>\n        \n    <\/div>\n<\/div><\/div>\n\n\n\n<p>Herzlich willkommen auf der Internetseite der Ortsgemeinde Herzfeld. Ich darf Sie zu einem virtuellen Bummel durch unseren sch\u00f6nen Eifelort einladen. Gerne w\u00fcrde ich Sie auch gelegentlich pers\u00f6nlich bei uns willkommen hei\u00dfen!<\/p>\n\n\n\n<p>Edgar Richarz<br>Ortsb\u00fcrgermeister<\/p>\n\n\n\n<p><\/p>\n","protected":false},"excerpt":{"rendered":"<p>Herzlich willkommen auf der Internetseite der Ortsgemeinde Herzfeld. Ich darf Sie zu einem virtuellen Bummel durch unseren sch\u00f6nen Eifelort einladen. Gerne w\u00fcrde ich Sie auch gelegentlich pers\u00f6nlich bei uns willkommen hei\u00dfen! Edgar RicharzOrtsb\u00fcrgermeister<\/p>\n","protected":false},"author":1,"featured_media":0,"parent":0,"menu_order":0,"comment_status":"closed","ping_status":"closed","template":"","meta":{"footnotes":""},"class_list":["post-9","page","type-page","status-publish","hentry"],"_links":{"self":[{"href":"http:\/\/herzfeld-net.de\/index.php?rest_route=\/wp\/v2\/pages\/9","targetHints":{"allow":["GET"]}}],"collection":[{"href":"http:\/\/herzfeld-net.de\/index.php?rest_route=\/wp\/v2\/pages"}],"about":[{"href":"http:\/\/herzfeld-net.de\/index.php?rest_route=\/wp\/v2\/types\/page"}],"author":[{"embeddable":true,"href":"http:\/\/herzfeld-net.de\/index.php?rest_route=\/wp\/v2\/users\/1"}],"replies":[{"embeddable":true,"href":"http:\/\/herzfeld-net.de\/index.php?rest_route=%2Fwp%2Fv2%2Fcomments&post=9"}],"version-history":[{"count":7,"href":"http:\/\/herzfeld-net.de\/index.php?rest_route=\/wp\/v2\/pages\/9\/revisions"}],"predecessor-version":[{"id":115,"href":"http:\/\/herzfeld-net.de\/index.php?rest_route=\/wp\/v2\/pages\/9\/revisions\/115"}],"wp:attachment":[{"href":"http:\/\/herzfeld-net.de\/index.php?rest_route=%2Fwp%2Fv2%2Fmedia&parent=9"}],"curies":[{"name":"wp","href":"https:\/\/api.w.org\/{rel}","templated":true}]}}