{"id":90,"date":"2021-01-20T15:51:50","date_gmt":"2021-01-20T14:51:50","guid":{"rendered":"http:\/\/herzfeld-net.de\/?page_id=90"},"modified":"2021-01-20T15:51:52","modified_gmt":"2021-01-20T14:51:52","slug":"gemeindewappen","status":"publish","type":"page","link":"https:\/\/herzfeld-net.de\/?page_id=90","title":{"rendered":"Gemeindewappen"},"content":{"rendered":"\n<div class=\"wp-block-image\"><figure class=\"alignright size-large\"><img loading=\"lazy\" decoding=\"async\" width=\"100\" height=\"110\" src=\"http:\/\/herzfeld-net.de\/wp-content\/uploads\/2021\/01\/cropped-wappen.gif\" alt=\"Bild: Wappen der Ortsgemeinde Herzfeld\" class=\"wp-image-87\"\/><\/figure><\/div>\n\n\n\n<p><strong>Wappenbegr\u00fcndung:<\/strong><br>Die Wappenfarben der Abtei Pr\u00fcm und deren V\u00f6gte, den Grafen von Vianden, die<br>bis in die Neuzeit die Vogtsrechte aus\u00fcbten, sind Rot und Silber. Diese Farben<br>wurden als Heroldsfarben f\u00fcr das Wappen gew\u00e4hlt. Da der Ort von drei Seiten, im<br>Osten und S\u00fcden vom Pr\u00fcmerbach und im Westen vom Irsenbach, umfasst wird,<br>wird das Wappen durch einen blau \u2013silbernen Schr\u00e4gbalken geteilt. Als redender<br>Wappenteil erscheinen im hinteren (oberen) Feld in Rot ein silbernes Herz und ein<br>steigender Hirsch. Im vorderen Feld findet sich als Hinweis auf ein wuchtiges<br>Naturdenkmal, einen 200 bis 300 Jahre alten Eichensolit\u00e4rbaum, ein gr\u00fcner<br>Eichenzweig mit einem Blatt und zwei Eicheln, der den Ort selbst (Blatt) und die<br>beiden Geh\u00f6fte (Eicheln) symbolisiert.<\/p>\n\n\n\n<p><br><strong>Blasonierung:<\/strong><br>Rot \u00fcber Silber durch blau-silbernen Wellenschr\u00e4gbalken geteilt, vorn gr\u00fcner<br>Eichenzweig mit einem Blatt und zwei Eicheln, hinten ein silbernes Herz und ein<br>silberner steigender Hirsch.<\/p>\n\n\n\n<p><br><em><strong>Entwurf:<\/strong><br>Dr. Christian Credner, Lambertsberg. In Zusammenarbeit mit Klaus Dingels, dem<br>Ortsb\u00fcrgermeister von Herzfeld und den Gemeindemitgliedern Ingmar Ballmann,<br>Andreas Dingels, Karl-Josef Post, Edgar Richarz, Klaus-Peter und Martin Wirtz.<\/em><\/p>\n","protected":false},"excerpt":{"rendered":"<p>Wappenbegr\u00fcndung:Die Wappenfarben der Abtei Pr\u00fcm und deren V\u00f6gte, den Grafen von Vianden, diebis in die Neuzeit die Vogtsrechte aus\u00fcbten, sind Rot und Silber. Diese Farbenwurden als Heroldsfarben f\u00fcr das Wappen gew\u00e4hlt. Da der Ort von drei Seiten, imOsten und S\u00fcden<\/p>\n","protected":false},"author":1,"featured_media":0,"parent":0,"menu_order":0,"comment_status":"closed","ping_status":"closed","template":"","meta":{"footnotes":""},"class_list":["post-90","page","type-page","status-publish","hentry"],"_links":{"self":[{"href":"https:\/\/herzfeld-net.de\/index.php?rest_route=\/wp\/v2\/pages\/90","targetHints":{"allow":["GET"]}}],"collection":[{"href":"https:\/\/herzfeld-net.de\/index.php?rest_route=\/wp\/v2\/pages"}],"about":[{"href":"https:\/\/herzfeld-net.de\/index.php?rest_route=\/wp\/v2\/types\/page"}],"author":[{"embeddable":true,"href":"https:\/\/herzfeld-net.de\/index.php?rest_route=\/wp\/v2\/users\/1"}],"replies":[{"embeddable":true,"href":"https:\/\/herzfeld-net.de\/index.php?rest_route=%2Fwp%2Fv2%2Fcomments&post=90"}],"version-history":[{"count":1,"href":"https:\/\/herzfeld-net.de\/index.php?rest_route=\/wp\/v2\/pages\/90\/revisions"}],"predecessor-version":[{"id":91,"href":"https:\/\/herzfeld-net.de\/index.php?rest_route=\/wp\/v2\/pages\/90\/revisions\/91"}],"wp:attachment":[{"href":"https:\/\/herzfeld-net.de\/index.php?rest_route=%2Fwp%2Fv2%2Fmedia&parent=90"}],"curies":[{"name":"wp","href":"https:\/\/api.w.org\/{rel}","templated":true}]}}