{"id":93,"date":"2021-01-20T16:02:31","date_gmt":"2021-01-20T15:02:31","guid":{"rendered":"http:\/\/herzfeld-net.de\/?page_id=93"},"modified":"2021-01-20T16:02:33","modified_gmt":"2021-01-20T15:02:33","slug":"ortsname","status":"publish","type":"page","link":"https:\/\/herzfeld-net.de\/?page_id=93","title":{"rendered":"Ortsname"},"content":{"rendered":"\n<p><strong>Deutung des Ortsnamens:<\/strong><br>1681 wird der Ort unter dem Namen \u201eHertzfelt\u201c gef\u00fchrt. So steht es in einer Aufstellung der dort lebenden Familien f\u00fcr die Pfarrei Gro\u00dfkampen des Pastors Haack. Demnach gab es die Familien Damen, Neles, Damen, Schroders, Balmes und Kolges. Die zweite Silbe des Ortsnamens \u2013feld oder -felt deutet auf eine<br>Rodung des fr\u00fchen Mittelalters hin; Wortwissenschaftlich bedeutet feld \u201efreies offenes Land, Ackerflur oder Wiesenflur\u201c. Bei dem namensgleichen Ort \u201eHerzfeld\u201c im Lippetal wird in einer Arbeit (\u201eDie Ortsnamen des Kreises Soest\u201c, von M. Fl\u00f6er und C. M. Korsmeier; 2009 Verlag f\u00fcr Regionalgeschichte Bielefeld. S.225) die Vorsilbe \u201eHerz-\u201e von \u201eHirsch\u201c abgeleitet. Als weitere aber weniger wahrscheinliche Deutung k\u00f6nnte es auch eine Ableitung von \u201ePferd\u201c sein. Altsprachlich \u201ehers\u201c oder \u201ehros\u201c in Ortsnamen wie Herzebrock oder Hersebrock. Somit ist der Ortsname m\u00f6glicherweise als \u201eHirschfeld\u201c zu deuten. Die Einwohnerschaft hat sich aber in den letzten zwei Jahrhunderten mit dem Bezug auf das Herz im eigentlichen Sinne gew\u00f6hnt, auch wenn dies toponomastisch (ortsnamenswissenschaftlich) wahrscheinlich unzutreffend ist.<\/p>\n\n\n\n<p>Quelle: Dr. Christian Credner, Lambertsberg<\/p>\n","protected":false},"excerpt":{"rendered":"<p>Deutung des Ortsnamens:1681 wird der Ort unter dem Namen \u201eHertzfelt\u201c gef\u00fchrt. So steht es in einer Aufstellung der dort lebenden Familien f\u00fcr die Pfarrei Gro\u00dfkampen des Pastors Haack. Demnach gab es die Familien Damen, Neles, Damen, Schroders, Balmes und Kolges.<\/p>\n","protected":false},"author":1,"featured_media":0,"parent":0,"menu_order":0,"comment_status":"closed","ping_status":"closed","template":"","meta":{"footnotes":""},"class_list":["post-93","page","type-page","status-publish","hentry"],"_links":{"self":[{"href":"https:\/\/herzfeld-net.de\/index.php?rest_route=\/wp\/v2\/pages\/93","targetHints":{"allow":["GET"]}}],"collection":[{"href":"https:\/\/herzfeld-net.de\/index.php?rest_route=\/wp\/v2\/pages"}],"about":[{"href":"https:\/\/herzfeld-net.de\/index.php?rest_route=\/wp\/v2\/types\/page"}],"author":[{"embeddable":true,"href":"https:\/\/herzfeld-net.de\/index.php?rest_route=\/wp\/v2\/users\/1"}],"replies":[{"embeddable":true,"href":"https:\/\/herzfeld-net.de\/index.php?rest_route=%2Fwp%2Fv2%2Fcomments&post=93"}],"version-history":[{"count":1,"href":"https:\/\/herzfeld-net.de\/index.php?rest_route=\/wp\/v2\/pages\/93\/revisions"}],"predecessor-version":[{"id":94,"href":"https:\/\/herzfeld-net.de\/index.php?rest_route=\/wp\/v2\/pages\/93\/revisions\/94"}],"wp:attachment":[{"href":"https:\/\/herzfeld-net.de\/index.php?rest_route=%2Fwp%2Fv2%2Fmedia&parent=93"}],"curies":[{"name":"wp","href":"https:\/\/api.w.org\/{rel}","templated":true}]}}